{"id":2,"date":"2017-07-16T14:12:31","date_gmt":"2017-07-16T12:12:31","guid":{"rendered":"http:\/\/www.dagood.life\/?page_id=2"},"modified":"2017-07-16T20:17:48","modified_gmt":"2017-07-16T18:17:48","slug":"beispiel-seite","status":"publish","type":"page","link":"https:\/\/www.dagood.life\/?page_id=2","title":{"rendered":"About"},"content":{"rendered":"<p class=\"font_7\">Geschichten braucht man oftmals\u00a0gar nicht zu erfinden, sie ergeben sich aus den\u00a0allt\u00e4glichen Situationen in\u00a0Begegnungen auf dem Weg zur Arbeit in den \u00f6ffentlichen Verkehrsmitteln, am\u00a0Zeitungskiosk\u00a0oder im Wartezimmer.\u00a0<span class=\"wixGuard\">\u200b<\/span><\/p>\n<p class=\"font_7\">Sie ploppen auf an eine Oberfl\u00e4che, m\u00f6chten abgesch\u00f6pft wie\u00a0abgepfl\u00fcckt werden in einen gro\u00dfen Korb voll gro\u00dfer bunter \u00c4pfel, reif und s\u00fc\u00df.<\/p>\n<p class=\"font_7\">Diese Geschichten kann man\u00a0sich\u00a0so gar nicht ausdenken, das Leben kommt einem einfach\u00a0zuvor:\u00a0eigen,\u00a0bizarr und \u00a0&#8211; wenn man m\u00f6chte &#8211; furchtbar ber\u00fchrend.<\/p>\n<p class=\"font_7\">It&#8217;s\u00a0GooD &#8211; Da&#8216; Life.<\/p>\n","protected":false},"excerpt":{"rendered":"<p class=\"post-excerpt\">Geschichten braucht man oftmals\u00a0gar nicht zu erfinden, sie ergeben sich aus den\u00a0allt\u00e4glichen Situationen in\u00a0Begegnungen auf dem Weg zur Arbeit in&#8230;<\/p>\n","protected":false},"author":1,"featured_media":0,"parent":0,"menu_order":0,"comment_status":"closed","ping_status":"open","template":"","meta":{"footnotes":""},"class_list":["post-2","page","type-page","status-publish","hentry"],"_links":{"self":[{"href":"https:\/\/www.dagood.life\/index.php?rest_route=\/wp\/v2\/pages\/2","targetHints":{"allow":["GET"]}}],"collection":[{"href":"https:\/\/www.dagood.life\/index.php?rest_route=\/wp\/v2\/pages"}],"about":[{"href":"https:\/\/www.dagood.life\/index.php?rest_route=\/wp\/v2\/types\/page"}],"author":[{"embeddable":true,"href":"https:\/\/www.dagood.life\/index.php?rest_route=\/wp\/v2\/users\/1"}],"replies":[{"embeddable":true,"href":"https:\/\/www.dagood.life\/index.php?rest_route=%2Fwp%2Fv2%2Fcomments&post=2"}],"version-history":[{"count":1,"href":"https:\/\/www.dagood.life\/index.php?rest_route=\/wp\/v2\/pages\/2\/revisions"}],"predecessor-version":[{"id":14,"href":"https:\/\/www.dagood.life\/index.php?rest_route=\/wp\/v2\/pages\/2\/revisions\/14"}],"wp:attachment":[{"href":"https:\/\/www.dagood.life\/index.php?rest_route=%2Fwp%2Fv2%2Fmedia&parent=2"}],"curies":[{"name":"wp","href":"https:\/\/api.w.org\/{rel}","templated":true}]}}